{"id":2,"date":"2013-10-15T18:08:00","date_gmt":"2013-10-15T18:08:00","guid":{"rendered":"http:\/\/www.juerg-maurer.ch\/?page_id=2"},"modified":"2013-11-14T14:27:21","modified_gmt":"2013-11-14T14:27:21","slug":"sample-page","status":"publish","type":"page","link":"https:\/\/www.juerg-maurer.ch\/?page_id=2","title":{"rendered":"Galerie"},"content":{"rendered":"<table border=\"0\" cellspacing=\"0\" cellpadding=\"0\">\n<tbody>\n<tr>\n<td valign=\"top\">\n<h3>\u00d6lbilder<\/h3>\n<\/td>\n<td valign=\"top\"><\/td>\n<td valign=\"top\"><\/td>\n<td valign=\"top\"><\/td>\n<\/tr>\n<tr>\n<td valign=\"top\">\n<h4>Berge<\/h4>\n<\/td>\n<td valign=\"top\">\n<h4>W\u00e4lder<\/h4>\n<\/td>\n<td valign=\"top\">\n<h4>Gew\u00e4sser<\/h4>\n<\/td>\n<td valign=\"top\">\n<h4>Stillleben<\/h4>\n<\/td>\n<\/tr>\n<tr>\n<td valign=\"top\"><a title=\"Berge\" href=\"https:\/\/www.juerg-maurer.ch\/?page_id=130\"><img loading=\"lazy\" decoding=\"async\" alt=\"Durchbrechen\" src=\"https:\/\/www.juerg-maurer.ch\/wp-content\/uploads\/2013\/11\/Durchbrechen-150x150.jpg\" width=\"150\" height=\"150\" \/><\/a><\/td>\n<td valign=\"top\"><a title=\"W\u00e4lder\" href=\"https:\/\/www.juerg-maurer.ch\/?page_id=177\"><img loading=\"lazy\" decoding=\"async\" alt=\"Waldinneres\" src=\"https:\/\/www.juerg-maurer.ch\/wp-content\/uploads\/2013\/11\/Waldinneres-150x150.jpg\" width=\"150\" height=\"150\" \/><\/a><\/td>\n<td valign=\"top\"><a title=\"Gew\u00e4sser\" href=\"https:\/\/www.juerg-maurer.ch\/?page_id=200\"><img loading=\"lazy\" decoding=\"async\" alt=\"Im Westen\" src=\"https:\/\/www.juerg-maurer.ch\/wp-content\/uploads\/2013\/11\/Im-Westen-150x150.jpg\" width=\"150\" height=\"150\" \/><\/a><\/td>\n<td valign=\"top\"><a title=\"Stillleben\" href=\"https:\/\/www.juerg-maurer.ch\/?page_id=202\"><img loading=\"lazy\" decoding=\"async\" alt=\"Eier und Knoblauch\" src=\"https:\/\/www.juerg-maurer.ch\/wp-content\/uploads\/2013\/11\/Eier-und-Knoblauch-150x150.jpg\" width=\"150\" height=\"150\" \/><\/a><\/td>\n<\/tr>\n<tr>\n<td valign=\"top\" height=\"30\"><\/td>\n<td valign=\"top\"><\/td>\n<td valign=\"top\"><\/td>\n<td valign=\"top\"><\/td>\n<\/tr>\n<tr>\n<td valign=\"top\">\n<h4>Aquarelle<\/h4>\n<\/td>\n<td valign=\"top\">\n<h4>Zeichnungen<\/h4>\n<\/td>\n<td valign=\"top\">\n<h4>Radierungen<\/h4>\n<\/td>\n<td valign=\"top\">\n<h4>Lithographien<\/h4>\n<\/td>\n<\/tr>\n<tr>\n<td valign=\"top\"><a title=\"Aquarelle\" href=\"https:\/\/www.juerg-maurer.ch\/?page_id=392\" rel=\"attachment wp-att-446\"><img loading=\"lazy\" decoding=\"async\" alt=\"Im Westen\" src=\"https:\/\/www.juerg-maurer.ch\/wp-content\/uploads\/2013\/11\/Im-Westen1-150x150.jpg\" width=\"150\" height=\"150\" \/><\/a><\/td>\n<td valign=\"top\"><a title=\"Zeichnungen\" href=\"https:\/\/www.juerg-maurer.ch\/?page_id=395\" rel=\"attachment wp-att-474\"><img loading=\"lazy\" decoding=\"async\" alt=\"Sommerlich\" src=\"https:\/\/www.juerg-maurer.ch\/wp-content\/uploads\/2013\/11\/Sommerlich-150x150.jpg\" width=\"150\" height=\"150\" \/><\/a><\/td>\n<td valign=\"top\"><a title=\"Radierungen\" href=\"https:\/\/www.juerg-maurer.ch\/?page_id=397\" rel=\"attachment wp-att-424\"><img loading=\"lazy\" decoding=\"async\" alt=\"46_Altes Glas\" src=\"https:\/\/www.juerg-maurer.ch\/wp-content\/uploads\/2013\/11\/46_Altes-Glas-150x150.jpg\" width=\"150\" height=\"150\" \/><\/a><\/td>\n<td valign=\"top\"><a title=\"Lithographien\" href=\"https:\/\/www.juerg-maurer.ch\/?page_id=399\"><img loading=\"lazy\" decoding=\"async\" alt=\"71_Rinnsal\" src=\"https:\/\/www.juerg-maurer.ch\/wp-content\/uploads\/2013\/11\/71_Rinnsal-150x150.jpg\" width=\"150\" height=\"150\" \/><\/a><\/td>\n<\/tr>\n<\/tbody>\n<\/table>\n","protected":false},"excerpt":{"rendered":"<p>\u00d6lbilder Berge W\u00e4lder Gew\u00e4sser Stillleben Aquarelle Zeichnungen Radierungen Lithographien &hellip; <a class=\"more-link\" href=\"https:\/\/www.juerg-maurer.ch\/?page_id=2\">Weiterlesen <span class=\"meta-nav\">&rarr;<\/span><\/a><\/p>\n","protected":false},"author":1,"featured_media":446,"parent":0,"menu_order":20,"comment_status":"closed","ping_status":"closed","template":"","meta":{"footnotes":""},"class_list":["post-2","page","type-page","status-publish","has-post-thumbnail","hentry"],"_links":{"self":[{"href":"https:\/\/www.juerg-maurer.ch\/index.php?rest_route=\/wp\/v2\/pages\/2","targetHints":{"allow":["GET"]}}],"collection":[{"href":"https:\/\/www.juerg-maurer.ch\/index.php?rest_route=\/wp\/v2\/pages"}],"about":[{"href":"https:\/\/www.juerg-maurer.ch\/index.php?rest_route=\/wp\/v2\/types\/page"}],"author":[{"embeddable":true,"href":"https:\/\/www.juerg-maurer.ch\/index.php?rest_route=\/wp\/v2\/users\/1"}],"replies":[{"embeddable":true,"href":"https:\/\/www.juerg-maurer.ch\/index.php?rest_route=%2Fwp%2Fv2%2Fcomments&post=2"}],"version-history":[{"count":124,"href":"https:\/\/www.juerg-maurer.ch\/index.php?rest_route=\/wp\/v2\/pages\/2\/revisions"}],"predecessor-version":[{"id":781,"href":"https:\/\/www.juerg-maurer.ch\/index.php?rest_route=\/wp\/v2\/pages\/2\/revisions\/781"}],"wp:featuredmedia":[{"embeddable":true,"href":"https:\/\/www.juerg-maurer.ch\/index.php?rest_route=\/wp\/v2\/media\/446"}],"wp:attachment":[{"href":"https:\/\/www.juerg-maurer.ch\/index.php?rest_route=%2Fwp%2Fv2%2Fmedia&parent=2"}],"curies":[{"name":"wp","href":"https:\/\/api.w.org\/{rel}","templated":true}]}}